{"id":10,"date":"2021-03-06T23:48:46","date_gmt":"2021-03-06T22:48:46","guid":{"rendered":"http:\/\/pechdespossibles.fr\/?page_id=10"},"modified":"2023-12-01T09:42:03","modified_gmt":"2023-12-01T08:42:03","slug":"creez-votre-site-avec-des-blocs","status":"publish","type":"page","link":"https:\/\/pechdespossibles.fr\/","title":{"rendered":"L&rsquo;habitat participatif au Pech des Possibles"},"content":{"rendered":"\n<p><strong>Un groupe de citoyens multig\u00e9n\u00e9rationnel aux valeurs ancr\u00e9es telles que le respect de l&rsquo;autre, la bienveillance, l&rsquo;inclusion, situ\u00e9 en milieu rural, visant la mutualisation et la convivialit\u00e9 et qui agit en faveur de la biodiversit\u00e9 au sein d&rsquo;un village r\u00e9silient et porteur de transition \u00e9cologique. L&rsquo;\u00e9mergence de ce collectif a pour ambition de valoriser et am\u00e9nager ce nouvel \u00e9co-quartier, nouveau lieu de vie avec une d\u00e9marche environnementale concr\u00e8te. Il pr\u00f4ne l&rsquo;\u00e9panouissement de la vie sociale tout en respectant chaque individu. <\/strong><\/p>\n\n\n\n<figure class=\"wp-block-gallery has-nested-images columns-default is-cropped wp-block-gallery-1 is-layout-flex wp-block-gallery-is-layout-flex\">\n<figure class=\"wp-block-image size-large\"><img fetchpriority=\"high\" decoding=\"async\" width=\"1024\" height=\"1024\" data-id=\"597\" src=\"https:\/\/pechdespossibles.fr\/wp-content\/uploads\/2023\/12\/19-1024x1024.jpg\" alt=\"\" class=\"wp-image-597\" srcset=\"https:\/\/pechdespossibles.fr\/wp-content\/uploads\/2023\/12\/19-1024x1024.jpg 1024w, https:\/\/pechdespossibles.fr\/wp-content\/uploads\/2023\/12\/19-300x300.jpg 300w, https:\/\/pechdespossibles.fr\/wp-content\/uploads\/2023\/12\/19-150x150.jpg 150w, https:\/\/pechdespossibles.fr\/wp-content\/uploads\/2023\/12\/19-768x768.jpg 768w, https:\/\/pechdespossibles.fr\/wp-content\/uploads\/2023\/12\/19.jpg 1080w\" sizes=\"(max-width: 1024px) 100vw, 1024px\" \/><\/figure>\n<\/figure>\n","protected":false},"excerpt":{"rendered":"<p>Un groupe de citoyens multig\u00e9n\u00e9rationnel aux valeurs ancr\u00e9es telles que le respect de l&rsquo;autre, la bienveillance, l&rsquo;inclusion, situ\u00e9 en milieu rural, visant la mutualisation et la convivialit\u00e9 et qui agit en faveur de la biodiversit\u00e9 au sein d&rsquo;un village r\u00e9silient et porteur de transition \u00e9cologique. L&rsquo;\u00e9mergence de ce collectif a pour ambition de valoriser et am\u00e9nager ce nouvel \u00e9co-quartier, nouveau [&hellip;]<\/p>\n","protected":false},"author":2,"featured_media":0,"parent":0,"menu_order":0,"comment_status":"closed","ping_status":"closed","template":"","meta":{"footnotes":""},"class_list":["post-10","page","type-page","status-publish","hentry"],"_links":{"self":[{"href":"https:\/\/pechdespossibles.fr\/index.php?rest_route=\/wp\/v2\/pages\/10","targetHints":{"allow":["GET"]}}],"collection":[{"href":"https:\/\/pechdespossibles.fr\/index.php?rest_route=\/wp\/v2\/pages"}],"about":[{"href":"https:\/\/pechdespossibles.fr\/index.php?rest_route=\/wp\/v2\/types\/page"}],"author":[{"embeddable":true,"href":"https:\/\/pechdespossibles.fr\/index.php?rest_route=\/wp\/v2\/users\/2"}],"replies":[{"embeddable":true,"href":"https:\/\/pechdespossibles.fr\/index.php?rest_route=%2Fwp%2Fv2%2Fcomments&post=10"}],"version-history":[{"count":28,"href":"https:\/\/pechdespossibles.fr\/index.php?rest_route=\/wp\/v2\/pages\/10\/revisions"}],"predecessor-version":[{"id":598,"href":"https:\/\/pechdespossibles.fr\/index.php?rest_route=\/wp\/v2\/pages\/10\/revisions\/598"}],"wp:attachment":[{"href":"https:\/\/pechdespossibles.fr\/index.php?rest_route=%2Fwp%2Fv2%2Fmedia&parent=10"}],"curies":[{"name":"wp","href":"https:\/\/api.w.org\/{rel}","templated":true}]}}