{"id":12,"date":"2021-03-06T23:48:46","date_gmt":"2021-03-06T22:48:46","guid":{"rendered":"http:\/\/pechdespossibles.fr\/?page_id=12"},"modified":"2021-06-13T22:10:48","modified_gmt":"2021-06-13T20:10:48","slug":"contact","status":"publish","type":"page","link":"https:\/\/pechdespossibles.fr\/?page_id=12","title":{"rendered":"Contact"},"content":{"rendered":"\n<p><strong>La Mairie et les co-habitants sont disponibles pour r\u00e9pondre \u00e0 vos questions concernant les disponibilit\u00e9s et conditions de chaque parcelle \u00e0 vendre et les locations des 3 maisons (selon leurs disponibilit\u00e9s respectives) : <a href=\"mailto:habitatparticipatif@luc-sur-aude.fr\">habitatparticipatif@luc-sur-aude.fr<\/a><\/strong><\/p>\n\n\n\n<p>Adresse de la Mairie : Rue des Marronniers &#8211; 11 190 LUC SUR AUDE<\/p>\n\n\n\n<p>Ouverture au public le lundi et le vendredi de 10h \u00e0 12h30 et de 15h \u00e0 18h (19h le vendredi).<\/p>\n\n\n\n<p>&nbsp;TEL : 04 68 74 01 55<\/p>\n\n\n\n<p><\/p>\n","protected":false},"excerpt":{"rendered":"<p>La Mairie et les co-habitants sont disponibles pour r\u00e9pondre \u00e0 vos questions concernant les disponibilit\u00e9s et conditions de chaque parcelle \u00e0 vendre et les locations des 3 maisons (selon leurs disponibilit\u00e9s respectives) : habitatparticipatif@luc-sur-aude.fr Adresse de la Mairie : Rue des Marronniers &#8211; 11 190 LUC SUR AUDE Ouverture au public le lundi et le vendredi de 10h \u00e0 12h30 [&hellip;]<\/p>\n","protected":false},"author":2,"featured_media":0,"parent":0,"menu_order":0,"comment_status":"closed","ping_status":"closed","template":"","meta":{"footnotes":""},"class_list":["post-12","page","type-page","status-publish","hentry"],"_links":{"self":[{"href":"https:\/\/pechdespossibles.fr\/index.php?rest_route=\/wp\/v2\/pages\/12","targetHints":{"allow":["GET"]}}],"collection":[{"href":"https:\/\/pechdespossibles.fr\/index.php?rest_route=\/wp\/v2\/pages"}],"about":[{"href":"https:\/\/pechdespossibles.fr\/index.php?rest_route=\/wp\/v2\/types\/page"}],"author":[{"embeddable":true,"href":"https:\/\/pechdespossibles.fr\/index.php?rest_route=\/wp\/v2\/users\/2"}],"replies":[{"embeddable":true,"href":"https:\/\/pechdespossibles.fr\/index.php?rest_route=%2Fwp%2Fv2%2Fcomments&post=12"}],"version-history":[{"count":3,"href":"https:\/\/pechdespossibles.fr\/index.php?rest_route=\/wp\/v2\/pages\/12\/revisions"}],"predecessor-version":[{"id":327,"href":"https:\/\/pechdespossibles.fr\/index.php?rest_route=\/wp\/v2\/pages\/12\/revisions\/327"}],"wp:attachment":[{"href":"https:\/\/pechdespossibles.fr\/index.php?rest_route=%2Fwp%2Fv2%2Fmedia&parent=12"}],"curies":[{"name":"wp","href":"https:\/\/api.w.org\/{rel}","templated":true}]}}