{"id":188,"date":"2021-05-05T11:58:41","date_gmt":"2021-05-05T09:58:41","guid":{"rendered":"https:\/\/pechdespossibles.fr\/?page_id=188"},"modified":"2021-06-25T11:18:55","modified_gmt":"2021-06-25T09:18:55","slug":"cahier-des-charges","status":"publish","type":"page","link":"https:\/\/pechdespossibles.fr\/?page_id=188","title":{"rendered":"Charte et PLU"},"content":{"rendered":"\n<p>Peuvent se consulter ici <a href=\"http:\/\/pechdespossibles.fr\/wp-content\/uploads\/2021\/06\/charte-ecoquartier-2018.pdf\">la charte de l&rsquo;\u00e9co quartier<\/a> et le <a rel=\"noreferrer noopener\" href=\"https:\/\/pechdespossibles.fr\/wp-content\/uploads\/2021\/06\/Reglement-du-lotissement-24-02-2020.pdf\" target=\"_blank\">PLU <\/a>concernant le lotissement destin\u00e9 aux propri\u00e9taires des parcelles.<\/p>\n","protected":false},"excerpt":{"rendered":"<p>Peuvent se consulter ici la charte de l&rsquo;\u00e9co quartier et le PLU concernant le lotissement destin\u00e9 aux propri\u00e9taires des parcelles.<\/p>\n","protected":false},"author":2,"featured_media":0,"parent":0,"menu_order":0,"comment_status":"closed","ping_status":"closed","template":"","meta":{"footnotes":""},"class_list":["post-188","page","type-page","status-publish","hentry"],"_links":{"self":[{"href":"https:\/\/pechdespossibles.fr\/index.php?rest_route=\/wp\/v2\/pages\/188","targetHints":{"allow":["GET"]}}],"collection":[{"href":"https:\/\/pechdespossibles.fr\/index.php?rest_route=\/wp\/v2\/pages"}],"about":[{"href":"https:\/\/pechdespossibles.fr\/index.php?rest_route=\/wp\/v2\/types\/page"}],"author":[{"embeddable":true,"href":"https:\/\/pechdespossibles.fr\/index.php?rest_route=\/wp\/v2\/users\/2"}],"replies":[{"embeddable":true,"href":"https:\/\/pechdespossibles.fr\/index.php?rest_route=%2Fwp%2Fv2%2Fcomments&post=188"}],"version-history":[{"count":10,"href":"https:\/\/pechdespossibles.fr\/index.php?rest_route=\/wp\/v2\/pages\/188\/revisions"}],"predecessor-version":[{"id":494,"href":"https:\/\/pechdespossibles.fr\/index.php?rest_route=\/wp\/v2\/pages\/188\/revisions\/494"}],"wp:attachment":[{"href":"https:\/\/pechdespossibles.fr\/index.php?rest_route=%2Fwp%2Fv2%2Fmedia&parent=188"}],"curies":[{"name":"wp","href":"https:\/\/api.w.org\/{rel}","templated":true}]}}