{"id":286,"date":"2021-06-05T21:33:29","date_gmt":"2021-06-05T19:33:29","guid":{"rendered":"https:\/\/pechdespossibles.fr\/?page_id=286"},"modified":"2021-06-21T12:01:59","modified_gmt":"2021-06-21T10:01:59","slug":"presentation","status":"publish","type":"page","link":"https:\/\/pechdespossibles.fr\/?page_id=286","title":{"rendered":"PRESENTATION"},"content":{"rendered":"\n<h3 class=\"wp-block-heading\">L\u2019HABITAT PARTICIPATIF AU PECH DES POSSIBLES<\/h3>\n\n\n\n<p>L\u2019habitat participatif du Pech des Possibles est un lieu de vie convivial et partag\u00e9 entre plusieurs foyers interg\u00e9n\u00e9rationnels. Il repr\u00e9sente un moyen de donner un v\u00e9ritable souffle \u00e0 la transition \u00e9cologique gr\u00e2ce \u00e0 la Mairie, aux ambitions individuelles de ses habitants et \u00e0 leurs projets personnels et collectifs se mettant en place au fur et \u00e0 mesure.<\/p>\n\n\n\n<p>Historiquement plusieurs d\u00e9marches participatives ont fortement contribu\u00e9 \u00e0 faire \u00e9voluer le projet. Il ne se serait pas concr\u00e9tis\u00e9 tel quel sans la Mairie et plusieurs regroupements de citoyens remerci\u00e9s par les nouveaux propri\u00e9taires. L&rsquo;historique et la chronologie sont consultables sur <a href=\"https:\/\/luc-sur-aude.fr\/projets\/habitat-participatif\/\">le site de la Mairie<\/a>.<\/p>\n\n\n\n<p>Le Pech des Possibles est donc un nouvel&nbsp;<a href=\"http:\/\/www.ecoquartiers.logement.gouv.fr\/operation\/2108\/\">\u00e9co-quartier<\/a>, label d\u00e9pos\u00e9, de 13 parcelles et d\u2019un terrain commun o\u00f9 le&nbsp;<strong><em>Vivre les uns \u00e0 c\u00f4t\u00e9 des autres mais chacun chez soi<\/em><\/strong>&nbsp;pr\u00f4nent, tout en consid\u00e9rant que ses habitants ont de fortes valeurs communes. <\/p>\n\n\n\n<div class=\"wp-block-image\"><figure class=\"aligncenter\"><img decoding=\"async\" width=\"140\" height=\"140\" src=\"http:\/\/pechdespossibles.fr\/wp-content\/uploads\/2021\/04\/logo.png\" alt=\"\" class=\"wp-image-62\"\/><\/figure><\/div>\n\n\n\n<p>Les constructions, quant \u00e0 elles, doivent suivre une charte&nbsp;: des maisons bioclimatiques et \u00e9cologiques, des mat\u00e9riaux biosourc\u00e9s &#8230; financi\u00e8rement accessible gr\u00e2ce en grande partie \u00e0 un foncier attractif d\u00e9montrant que de tels projets peuvent \u00eatre accessibles.&nbsp;<\/p>\n\n\n\n<p>Avec le temps et les premi\u00e8res constructions, le Pech des Possibles sera un lieu anim\u00e9 par des liens sociaux bienveillants et multiples, mis en place en fonction des besoins, d\u00e9sirs et objectifs de chaque habitant&nbsp;: la parcelle commune et ce qui y sera d\u00e9velopp\u00e9, en sera la principale repr\u00e9sentation.&nbsp;<\/p>\n\n\n\n<p>Le premier axe de mutualisation est tourn\u00e9 autour de pr\u00eats de mat\u00e9riels et de services en main d\u2019\u0153uvre en tout genre qui contribueront \u00e0 la construction de futures maisons en coh\u00e9rence avec les moyens de chacun. Par la suite, et quand le groupe sera le plus complet possible, la r\u00e9alisation des projets concernant le terrain commun se fera naturellement.<\/p>\n\n\n\n<p>L\u2019ensemble du groupe souhaite donc vivre de fa\u00e7on solidaire et bienveillante en \u00e9tant ouvert sur le monde et inspirant. Ce mode de vie vise la sobri\u00e9t\u00e9 et \u00e0 r\u00e9duire l\u2019empreinte \u00e9cologique.&nbsp;<\/p>\n\n\n\n<p>Le Pech des Possibles, parmi ses 13 parcelles, ce sont aussi 3 maisons appartenant \u00e0 la Mairie destin\u00e9es \u00e0 du logement social et \u00e0 toutes personnes pouvant y pr\u00e9tendre. Des rencontres sont r\u00e9guli\u00e8rement organis\u00e9es entre futurs propri\u00e9taires et possibles locataires afin que les uns et les autres fassent connaissance et que ces derniers ressentent et s\u2019impr\u00e8gnent de l\u2019esprit de l\u2019\u00e9coquartier.<\/p>\n\n\n\n<figure class=\"wp-block-gallery columns-1 is-cropped wp-block-gallery-1 is-layout-flex wp-block-gallery-is-layout-flex\"><ul class=\"blocks-gallery-grid\"><li class=\"blocks-gallery-item\"><figure><img fetchpriority=\"high\" decoding=\"async\" width=\"1024\" height=\"683\" src=\"https:\/\/pechdespossibles.fr\/wp-content\/uploads\/2021\/06\/22-MAI-3-1024x683.jpg\" alt=\"\" data-id=\"291\" data-full-url=\"https:\/\/pechdespossibles.fr\/wp-content\/uploads\/2021\/06\/22-MAI-3-scaled.jpg\" data-link=\"https:\/\/pechdespossibles.fr\/?attachment_id=291\" class=\"wp-image-291\" srcset=\"https:\/\/pechdespossibles.fr\/wp-content\/uploads\/2021\/06\/22-MAI-3-1024x683.jpg 1024w, https:\/\/pechdespossibles.fr\/wp-content\/uploads\/2021\/06\/22-MAI-3-300x200.jpg 300w, https:\/\/pechdespossibles.fr\/wp-content\/uploads\/2021\/06\/22-MAI-3-768x512.jpg 768w, https:\/\/pechdespossibles.fr\/wp-content\/uploads\/2021\/06\/22-MAI-3-1536x1024.jpg 1536w, https:\/\/pechdespossibles.fr\/wp-content\/uploads\/2021\/06\/22-MAI-3-2048x1365.jpg 2048w, https:\/\/pechdespossibles.fr\/wp-content\/uploads\/2021\/06\/22-MAI-3-600x400.jpg 600w\" sizes=\"(max-width: 1024px) 100vw, 1024px\" \/><\/figure><\/li><\/ul><\/figure>\n\n\n\n<figure class=\"wp-block-image size-large\"><img decoding=\"async\" width=\"1024\" height=\"683\" src=\"https:\/\/pechdespossibles.fr\/wp-content\/uploads\/2021\/06\/IMG_7861-1024x683.jpg\" alt=\"\" class=\"wp-image-340\" srcset=\"https:\/\/pechdespossibles.fr\/wp-content\/uploads\/2021\/06\/IMG_7861-1024x683.jpg 1024w, https:\/\/pechdespossibles.fr\/wp-content\/uploads\/2021\/06\/IMG_7861-300x200.jpg 300w, https:\/\/pechdespossibles.fr\/wp-content\/uploads\/2021\/06\/IMG_7861-768x512.jpg 768w, https:\/\/pechdespossibles.fr\/wp-content\/uploads\/2021\/06\/IMG_7861-1536x1024.jpg 1536w, https:\/\/pechdespossibles.fr\/wp-content\/uploads\/2021\/06\/IMG_7861-2048x1365.jpg 2048w, https:\/\/pechdespossibles.fr\/wp-content\/uploads\/2021\/06\/IMG_7861-600x400.jpg 600w\" sizes=\"(max-width: 1024px) 100vw, 1024px\" \/><\/figure>\n\n\n<h4>Situation du terrain<\/h4>\n<p>Le terrain est en pente (12%), expos\u00e9 Sud-Ouest, avec vue sur les Pyr\u00e9n\u00e9es.<\/p>\n<p><iframe allowfullscreen=\"\" src=\"\/\/umap.openstreetmap.fr\/fr\/map\/terrain-coutieux_47685?scaleControl=false&amp;miniMap=false&amp;scrollWheelZoom=false&amp;zoomControl=true&amp;allowEdit=false&amp;moreControl=false&amp;searchControl=null&amp;tilelayersControl=null&amp;embedControl=null&amp;datalayersControl=false&amp;onLoadPanel=undefined&amp;captionBar=false&amp;fullscreenControl=false\" width=\"100%\" height=\"500px\" frameborder=\"0\"><\/iframe><\/p>","protected":false},"excerpt":{"rendered":"<p>L\u2019HABITAT PARTICIPATIF AU PECH DES POSSIBLES L\u2019habitat participatif du Pech des Possibles est un lieu de vie convivial et partag\u00e9 entre plusieurs foyers interg\u00e9n\u00e9rationnels. Il repr\u00e9sente un moyen de donner un v\u00e9ritable souffle \u00e0 la transition \u00e9cologique gr\u00e2ce \u00e0 la Mairie, aux ambitions individuelles de ses habitants et \u00e0 leurs projets personnels et collectifs se mettant en place au fur [&hellip;]<\/p>\n","protected":false},"author":2,"featured_media":0,"parent":0,"menu_order":0,"comment_status":"closed","ping_status":"closed","template":"","meta":{"footnotes":""},"class_list":["post-286","page","type-page","status-publish","hentry"],"_links":{"self":[{"href":"https:\/\/pechdespossibles.fr\/index.php?rest_route=\/wp\/v2\/pages\/286","targetHints":{"allow":["GET"]}}],"collection":[{"href":"https:\/\/pechdespossibles.fr\/index.php?rest_route=\/wp\/v2\/pages"}],"about":[{"href":"https:\/\/pechdespossibles.fr\/index.php?rest_route=\/wp\/v2\/types\/page"}],"author":[{"embeddable":true,"href":"https:\/\/pechdespossibles.fr\/index.php?rest_route=\/wp\/v2\/users\/2"}],"replies":[{"embeddable":true,"href":"https:\/\/pechdespossibles.fr\/index.php?rest_route=%2Fwp%2Fv2%2Fcomments&post=286"}],"version-history":[{"count":19,"href":"https:\/\/pechdespossibles.fr\/index.php?rest_route=\/wp\/v2\/pages\/286\/revisions"}],"predecessor-version":[{"id":491,"href":"https:\/\/pechdespossibles.fr\/index.php?rest_route=\/wp\/v2\/pages\/286\/revisions\/491"}],"wp:attachment":[{"href":"https:\/\/pechdespossibles.fr\/index.php?rest_route=%2Fwp%2Fv2%2Fmedia&parent=286"}],"curies":[{"name":"wp","href":"https:\/\/api.w.org\/{rel}","templated":true}]}}