{"id":428,"date":"2021-06-15T14:25:36","date_gmt":"2021-06-15T12:25:36","guid":{"rendered":"https:\/\/pechdespossibles.fr\/?page_id=428"},"modified":"2021-07-27T16:30:24","modified_gmt":"2021-07-27T14:30:24","slug":"parcelle-10-beatrice-petit","status":"publish","type":"page","link":"https:\/\/pechdespossibles.fr\/?page_id=428","title":{"rendered":"Parcelle # 10 &#8211; B\u00e9atrice Petit"},"content":{"rendered":"\n<p>parcelle 10 : 662m2<\/p>\n\n\n\n<p><\/p>\n\n\n\n<div class=\"wp-block-media-text alignwide is-stacked-on-mobile\"><figure class=\"wp-block-media-text__media\"><img fetchpriority=\"high\" decoding=\"async\" width=\"1024\" height=\"1011\" src=\"https:\/\/pechdespossibles.fr\/wp-content\/uploads\/2021\/07\/9C64F631-287C-46EE-B407-F7357BD94B06-1-1024x1011.jpeg\" alt=\"\" class=\"wp-image-506 size-full\" srcset=\"https:\/\/pechdespossibles.fr\/wp-content\/uploads\/2021\/07\/9C64F631-287C-46EE-B407-F7357BD94B06-1-1024x1011.jpeg 1024w, https:\/\/pechdespossibles.fr\/wp-content\/uploads\/2021\/07\/9C64F631-287C-46EE-B407-F7357BD94B06-1-300x296.jpeg 300w, https:\/\/pechdespossibles.fr\/wp-content\/uploads\/2021\/07\/9C64F631-287C-46EE-B407-F7357BD94B06-1-768x758.jpeg 768w, https:\/\/pechdespossibles.fr\/wp-content\/uploads\/2021\/07\/9C64F631-287C-46EE-B407-F7357BD94B06-1-1536x1516.jpeg 1536w, https:\/\/pechdespossibles.fr\/wp-content\/uploads\/2021\/07\/9C64F631-287C-46EE-B407-F7357BD94B06-1.jpeg 1721w\" sizes=\"(max-width: 1024px) 100vw, 1024px\" \/><\/figure><div class=\"wp-block-media-text__content\">\n<p>Bonjour&nbsp;!<\/p>\n\n\n\n<p>Je m\u2019appelle B\u00e9atrice Petit, je suis votre doyenne \u2013 un honneur dont je me passerais \u2013 mais j\u2019esp\u00e8re tenir le coup assez longtemps pour profiter de ce projet avant de me mettre \u00e0 radoter\u2026<\/p>\n\n\n\n<p>Bien qu\u2019assez solitaire dans l\u2019\u00e2me, je m\u2019int\u00e9resse depuis longtemps \u00e0 tout ce qui est habitat partag\u00e9. Apr\u00e8s mes \u00e9tudes, j\u2019ai fait une premi\u00e8re exp\u00e9rience de vie en communaut\u00e9 dans les Hautes-Pyr\u00e9n\u00e9es, o\u00f9 des copains avaient mont\u00e9 un petit \u00e9levage. Puis j\u2019ai gal\u00e9r\u00e9 quelque temps avant de devenir traductrice, m\u00e9tier qui me pla\u00eet et que j\u2019exerce toujours bien que je sois \u00e0 la retraite.<\/p>\n\n\n\n<p>J\u2019ai travaill\u00e9 une quinzaine d\u2019ann\u00e9es en Suisse, o\u00f9 j\u2019ai v\u00e9cu pr\u00e8s d\u2019une ann\u00e9e dans un \u00e9cohameau avant de revenir en France en 2010. Depuis, je cherchais un projet qui me convienne, l\u2019un des crit\u00e8res qui me paraissait important \u00e9tant qu\u2019il ait un impact social et donc qu\u2019il soit port\u00e9 par une commune. C\u2019est ainsi que j\u2019ai particip\u00e9 en 2015 aux d\u00e9buts du projet de Luc, qui malheureusement s\u2019\u00e9tait plus ou moins arr\u00eat\u00e9 \u00e0 l\u2019\u00e9poque faute de combattants. Du coup, quand j\u2019ai d\u00e9couvert en Avril 2021 qu\u2019il continuait et qu\u2019il restait des lots, je n\u2019ai pas h\u00e9sit\u00e9 longtemps&nbsp;! De plus j\u2019y ai rencontr\u00e9 une \u00e9quipe que j\u2019ai trouv\u00e9e d\u2019embl\u00e9e tr\u00e8s sympathique.<\/p>\n\n\n\n<p>Ce genre de projets peu \u00e9nerg\u00e9tivores et fond\u00e9s sur l\u2019entraide me semblent encore plus importants maintenant, car je crains que nous soyons confront\u00e9s \u00e0 pas mal de difficult\u00e9s dans les ann\u00e9es qui viennent. La r\u00e9ponse, sans aucune doute, sera d\u2019\u00eatre cr\u00e9atifs et de nous serrer les coudes&nbsp;! Et c\u2019est ce que nous pourrons faire dans ce lieu assez exceptionnel\u2026<\/p>\n<\/div><\/div>\n","protected":false},"excerpt":{"rendered":"<p>parcelle 10 : 662m2 Bonjour&nbsp;! Je m\u2019appelle B\u00e9atrice Petit, je suis votre doyenne \u2013 un honneur dont je me passerais \u2013 mais j\u2019esp\u00e8re tenir le coup assez longtemps pour profiter de ce projet avant de me mettre \u00e0 radoter\u2026 Bien qu\u2019assez solitaire dans l\u2019\u00e2me, je m\u2019int\u00e9resse depuis longtemps \u00e0 tout ce qui est habitat partag\u00e9. Apr\u00e8s mes \u00e9tudes, j\u2019ai fait [&hellip;]<\/p>\n","protected":false},"author":2,"featured_media":0,"parent":0,"menu_order":0,"comment_status":"closed","ping_status":"closed","template":"","meta":{"footnotes":""},"class_list":["post-428","page","type-page","status-publish","hentry"],"_links":{"self":[{"href":"https:\/\/pechdespossibles.fr\/index.php?rest_route=\/wp\/v2\/pages\/428","targetHints":{"allow":["GET"]}}],"collection":[{"href":"https:\/\/pechdespossibles.fr\/index.php?rest_route=\/wp\/v2\/pages"}],"about":[{"href":"https:\/\/pechdespossibles.fr\/index.php?rest_route=\/wp\/v2\/types\/page"}],"author":[{"embeddable":true,"href":"https:\/\/pechdespossibles.fr\/index.php?rest_route=\/wp\/v2\/users\/2"}],"replies":[{"embeddable":true,"href":"https:\/\/pechdespossibles.fr\/index.php?rest_route=%2Fwp%2Fv2%2Fcomments&post=428"}],"version-history":[{"count":7,"href":"https:\/\/pechdespossibles.fr\/index.php?rest_route=\/wp\/v2\/pages\/428\/revisions"}],"predecessor-version":[{"id":508,"href":"https:\/\/pechdespossibles.fr\/index.php?rest_route=\/wp\/v2\/pages\/428\/revisions\/508"}],"wp:attachment":[{"href":"https:\/\/pechdespossibles.fr\/index.php?rest_route=%2Fwp%2Fv2%2Fmedia&parent=428"}],"curies":[{"name":"wp","href":"https:\/\/api.w.org\/{rel}","templated":true}]}}