{"id":511,"date":"2021-09-23T09:44:34","date_gmt":"2021-09-23T07:44:34","guid":{"rendered":"https:\/\/pechdespossibles.fr\/?page_id=511"},"modified":"2021-09-27T15:53:14","modified_gmt":"2021-09-27T13:53:14","slug":"parcelle-7-chrystelle-blanquier","status":"publish","type":"page","link":"https:\/\/pechdespossibles.fr\/?page_id=511","title":{"rendered":"PARCELLE # 4 &#8211; Christelle Blanquier"},"content":{"rendered":"\n<figure class=\"wp-block-gallery alignright columns-1 is-cropped wp-block-gallery-1 is-layout-flex wp-block-gallery-is-layout-flex\"><ul class=\"blocks-gallery-grid\"><li class=\"blocks-gallery-item\"><figure><img fetchpriority=\"high\" decoding=\"async\" width=\"1024\" height=\"683\" src=\"https:\/\/pechdespossibles.fr\/wp-content\/uploads\/2021\/09\/IMG_1322-1024x683.jpg\" alt=\"\" data-id=\"522\" data-full-url=\"https:\/\/pechdespossibles.fr\/wp-content\/uploads\/2021\/09\/IMG_1322-scaled.jpg\" data-link=\"https:\/\/pechdespossibles.fr\/?attachment_id=522\" class=\"wp-image-522\" srcset=\"https:\/\/pechdespossibles.fr\/wp-content\/uploads\/2021\/09\/IMG_1322-1024x683.jpg 1024w, https:\/\/pechdespossibles.fr\/wp-content\/uploads\/2021\/09\/IMG_1322-300x200.jpg 300w, https:\/\/pechdespossibles.fr\/wp-content\/uploads\/2021\/09\/IMG_1322-768x512.jpg 768w, https:\/\/pechdespossibles.fr\/wp-content\/uploads\/2021\/09\/IMG_1322-1536x1024.jpg 1536w, https:\/\/pechdespossibles.fr\/wp-content\/uploads\/2021\/09\/IMG_1322-2048x1365.jpg 2048w, https:\/\/pechdespossibles.fr\/wp-content\/uploads\/2021\/09\/IMG_1322-600x400.jpg 600w\" sizes=\"(max-width: 1024px) 100vw, 1024px\" \/><\/figure><\/li><\/ul><\/figure>\n\n\n\n<p><em>Christelle, propri\u00e9taire du lot 4 et en attendant sa construction, locataire de la Maison 8.<\/em><\/p>\n\n\n\n<p>Je m&rsquo;appelle Christelle. Je suis maman de 4 enfants, dont 3 qui vivent encore avec moi et je suis sophrologue-relaxologue \u00e0 temps partiel depuis pr\u00e8s de 20 ans.<\/p>\n\n\n\n<p>Plut\u00f4t id\u00e9aliste et inspir\u00e9e, sensible depuis toujours au vivant qui nous entoure et nous constitue, il me tient \u00e0 c\u0153ur d&rsquo;agir, autant que faire se peut, en coh\u00e9rence avec mes convictions et ressentis profonds.<\/p>\n\n\n\n<p>Engag\u00e9e depuis plus de 20 ans sur un chemin de conscience et de responsabilit\u00e9, en faveur d&rsquo;une forme d&rsquo;autonomie, de libert\u00e9 et de comportements plus respectueux de notre environnement et donc de nous-m\u00eames, j&rsquo;ai v\u00e9cu diff\u00e9rentes exp\u00e9riences qui m&rsquo;ont amen\u00e9 \u00e0 approfondir mes connaissances concernant l&rsquo;\u00eatre humain et l&rsquo;\u00e9cologie dans leur sens le plus large.<\/p>\n\n\n\n<p>Percevant clairement les dysfonctionnements et les limites auxquels nos soci\u00e9t\u00e9s et les individus qui la composent sont confront\u00e9s, tant au niveau individuel que collectif, j&rsquo;explore, cherche, \u00e9tudie et me forme \u00e0 diff\u00e9rentes approches alternatives, en qu\u00eate d&rsquo;outils et de moyens permettant d&rsquo;op\u00e9rer des transformations conduisant \u00e0 un meilleur \u00e9quilibre. D\u00e9veloppement personnel et spirituel, philosophie, deviennent assez central dans mon existence puisqu&rsquo;ils sont \u00e0 mes yeux, des voies incontournables au d\u00e9veloppement d&rsquo;une nouvelle conscience et d&rsquo;un art de vivre plus \u00ab&nbsp;sain&nbsp;\u00bb.<\/p>\n\n\n\n<p>En ce qui concerne l&rsquo;habitat \u00e9cologique, je me suis int\u00e9ress\u00e9e de pr\u00e8s \u00e0 diff\u00e9rents mat\u00e9riaux et \u00e0 quelques m\u00e9thodes il y a plus de 10 ans, entra\u00eenant mon ex-mari sur cette voie, tout d&rsquo;abord pour l&rsquo;agrandissement d&rsquo;une maison ancienne.<\/p>\n\n\n\n<p>Puis dans les ann\u00e9es qui ont suivi, la famille allant s&rsquo;agrandir, nous avons \u00e9t\u00e9 plus loin dans cette recherche et avons construit notre propre maison en bois-terre-paille. Une aventure riche et formidable que nous avons men\u00e9 \u00e0 bien (en partie en auto-construction) accompagn\u00e9s par une SCOP de Limoux, anciennement Bois-Terre-Paille.<\/p>\n\n\n\n<p>Cette exp\u00e9rience a valid\u00e9 le niveau de confort \u00ab&nbsp;sup\u00e9rieur&nbsp;\u00bb obtenu par ces mat\u00e9riaux et mon attrait pour eux ne fait plus aucun doute.<\/p>\n\n\n\n<p>Circonstance de vie faisant, je quitterais cette maison quelques ann\u00e9es plus tard, mais mes enfants en b\u00e9n\u00e9ficient toujours lorsqu&rsquo;ils vont chez leur papa.<\/p>\n\n\n\n<p>Je poursuis ma qu\u00eate et m\u2019int\u00e9resse pendant un temps aux \u00e9covillages et \u00e0 d&rsquo;autres mod\u00e8les d&rsquo;organisation de vie collective \u00e9mergeant, qui me semblent pouvoir r\u00e9pondre \u00e0 certaines probl\u00e9matiques.<\/p>\n\n\n\n<p>Lors de l&rsquo;entr\u00e9e en crise sanitaire, je franchis le pas et avec mes enfants, nous allons nous installer dans une maison de campagne, au sein d&rsquo;un ancien domaine viticole, o\u00f9 un petit groupe d&rsquo;individus portent le projet de cr\u00e9er une \u00ab&nbsp;Oasis&nbsp;\u00bb. Malgr\u00e9 la richesse de cette exp\u00e9rience et de beaux moments de partages, apr\u00e8s quelques mois, je sais que ce lieu ne me correspondra pas. Des visions trop diff\u00e9rentes sur les r\u00e8gles du \u00ab&nbsp;vivre ensemble&nbsp;\u00bb et un cadre inexistant laissent appara\u00eetre tensions, injustices et confusion. Je ne sens pas la volont\u00e9 de r\u00e9tablir l&rsquo;\u00e9quilibre pr\u00e9sente au sein du groupe, ce qui m&rsquo;incite \u00e0 chercher un autre lieu.<\/p>\n\n\n\n<p>C&rsquo;est alors qu&rsquo;une amie m&rsquo;envoie par mail, la brochure du projet de lotissement \u00e0 Luc sur Aude. Je lui r\u00e9ponds avoir eu connaissance de ce projet quelques ann\u00e9es auparavant, et lui dit qu&rsquo;il doit s\u00fbrement \u00eatre d\u00e9j\u00e0 termin\u00e9. Mais comme la localisation et la dynamique du village que je connais un peu me plaisent, je d\u00e9cide de tout de m\u00eame me renseigner. Je re\u00e7ois rapidement une r\u00e9ponse que je vis comme une belle surprise inesp\u00e9r\u00e9e&nbsp;: le projet d\u00e9bute \u00e0 peine et il reste des parcelles disponibles. Je me rends alors sur le lieu et l\u00e0, je n&rsquo;ai pas de doute, c&rsquo;est bien ici que j&rsquo;ai envie de vivre. La rencontre avec plusieurs de mes futurs voisins quelques jours plus tard, ne fera que confirmer mon ressenti. Ce fut donc une \u00e9vidence pour moi de rejoindre ce projet qui correspond tout \u00e0 fait \u00e0 mes aspirations et je suis ravie qu&rsquo;il soit venu \u00e0 moi naturellement (Merci D\u00e9borah;))<\/p>\n\n\n\n<p>Je suis heureuse \u00e0 l&rsquo;id\u00e9e de pouvoir amener ma pierre \u00e0 cette co-construction et j&rsquo;ai h\u00e2te d&rsquo;y r\u00e9aliser notre havre de vie.<\/p>\n\n\n\n<p>Et n&rsquo;oubliez pas&nbsp;! Tout commence par un r\u00eave.<\/p>\n","protected":false},"excerpt":{"rendered":"<p>Christelle, propri\u00e9taire du lot 4 et en attendant sa construction, locataire de la Maison 8. Je m&rsquo;appelle Christelle. Je suis maman de 4 enfants, dont 3 qui vivent encore avec moi et je suis sophrologue-relaxologue \u00e0 temps partiel depuis pr\u00e8s de 20 ans. Plut\u00f4t id\u00e9aliste et inspir\u00e9e, sensible depuis toujours au vivant qui nous entoure et nous constitue, il me [&hellip;]<\/p>\n","protected":false},"author":2,"featured_media":0,"parent":0,"menu_order":0,"comment_status":"closed","ping_status":"closed","template":"","meta":{"footnotes":""},"class_list":["post-511","page","type-page","status-publish","hentry"],"_links":{"self":[{"href":"https:\/\/pechdespossibles.fr\/index.php?rest_route=\/wp\/v2\/pages\/511","targetHints":{"allow":["GET"]}}],"collection":[{"href":"https:\/\/pechdespossibles.fr\/index.php?rest_route=\/wp\/v2\/pages"}],"about":[{"href":"https:\/\/pechdespossibles.fr\/index.php?rest_route=\/wp\/v2\/types\/page"}],"author":[{"embeddable":true,"href":"https:\/\/pechdespossibles.fr\/index.php?rest_route=\/wp\/v2\/users\/2"}],"replies":[{"embeddable":true,"href":"https:\/\/pechdespossibles.fr\/index.php?rest_route=%2Fwp%2Fv2%2Fcomments&post=511"}],"version-history":[{"count":5,"href":"https:\/\/pechdespossibles.fr\/index.php?rest_route=\/wp\/v2\/pages\/511\/revisions"}],"predecessor-version":[{"id":524,"href":"https:\/\/pechdespossibles.fr\/index.php?rest_route=\/wp\/v2\/pages\/511\/revisions\/524"}],"wp:attachment":[{"href":"https:\/\/pechdespossibles.fr\/index.php?rest_route=%2Fwp%2Fv2%2Fmedia&parent=511"}],"curies":[{"name":"wp","href":"https:\/\/api.w.org\/{rel}","templated":true}]}}