{"id":72,"date":"2021-04-28T16:22:06","date_gmt":"2021-04-28T14:22:06","guid":{"rendered":"https:\/\/pechdespossibles.fr\/?page_id=72"},"modified":"2021-11-15T16:30:32","modified_gmt":"2021-11-15T15:30:32","slug":"parcelles-2-8-9-proprietaire-mairie-logement-social","status":"publish","type":"page","link":"https:\/\/pechdespossibles.fr\/?page_id=72","title":{"rendered":"Parcelles # 2-8-9 : Propri\u00e9taire MAIRIE \u2013 logement social"},"content":{"rendered":"\n<p>3 parcelles sont concern\u00e9es : de 699 m2, 723m2 et 680m2 o\u00f9 sont construites des maisons d\u00e9di\u00e9es au logement social locatif habit\u00e9es depuis le 01 septembre 2021. <\/p>\n\n\n\n<p>Les locataires sont bien s\u00fbr impliqu\u00e9s, s&rsquo;ils le souhaitent, dans les projets communs du lotissement. La Mairie s\u00e9lectionne les candidats par rapport aux crit\u00e8res pos\u00e9s par le conseil municipal, puis celles des conditions de revenus pos\u00e9es par l&rsquo;administration, et enfin la charte du Pech des possibles. Une r\u00e9union informelle avec les propri\u00e9taires est \u00e9galement organis\u00e9e afin que les candidats et les futurs habitants du lotissement fassent connaissance ; le but \u00e9tant que les candidats s&rsquo;impr\u00e8gnent au mieux de l&rsquo;esprit et des valeurs qui se d\u00e9gagent du lotissement et que le collectif des futurs habitants du Pech des Possibles puissent \u00e9mettre un avis qui sera exprim\u00e9 aupr\u00e8s de la Mairie. Les crit\u00e8res du collectif  se basent essentiellement sur un ressenti de l&rsquo;int\u00e9r\u00eat \u00e9mergeant de la part des candidats \u00e0 int\u00e9grer un tel collectif. Les \u00e9changes sont organis\u00e9s de mani\u00e8re naturelle ; le principal but \u00e9tant de s&rsquo;impr\u00e9gner du mieux possible les uns les autres \u00e0 travers des rapports sociaux cordiaux et des plus respectueux et surtout dans la bonne humeur !<\/p>\n\n\n\n<figure class=\"wp-block-gallery columns-2 is-cropped wp-block-gallery-1 is-layout-flex wp-block-gallery-is-layout-flex\"><ul class=\"blocks-gallery-grid\"><li class=\"blocks-gallery-item\"><figure><img fetchpriority=\"high\" decoding=\"async\" width=\"1024\" height=\"683\" src=\"http:\/\/pechdespossibles.fr\/wp-content\/uploads\/2021\/05\/IMG_7023-1024x683.jpg\" alt=\"\" data-id=\"132\" data-full-url=\"http:\/\/pechdespossibles.fr\/wp-content\/uploads\/2021\/05\/IMG_7023-scaled.jpg\" data-link=\"https:\/\/pechdespossibles.fr\/?attachment_id=132\" class=\"wp-image-132\" srcset=\"https:\/\/pechdespossibles.fr\/wp-content\/uploads\/2021\/05\/IMG_7023-1024x683.jpg 1024w, https:\/\/pechdespossibles.fr\/wp-content\/uploads\/2021\/05\/IMG_7023-300x200.jpg 300w, https:\/\/pechdespossibles.fr\/wp-content\/uploads\/2021\/05\/IMG_7023-768x512.jpg 768w, https:\/\/pechdespossibles.fr\/wp-content\/uploads\/2021\/05\/IMG_7023-1536x1024.jpg 1536w, https:\/\/pechdespossibles.fr\/wp-content\/uploads\/2021\/05\/IMG_7023-2048x1365.jpg 2048w, https:\/\/pechdespossibles.fr\/wp-content\/uploads\/2021\/05\/IMG_7023-600x400.jpg 600w\" sizes=\"(max-width: 1024px) 100vw, 1024px\" \/><\/figure><\/li><li class=\"blocks-gallery-item\"><figure><img decoding=\"async\" width=\"1024\" height=\"683\" src=\"http:\/\/pechdespossibles.fr\/wp-content\/uploads\/2021\/04\/IMG_6341-1024x683.jpg\" alt=\"\" data-id=\"42\" data-full-url=\"http:\/\/pechdespossibles.fr\/wp-content\/uploads\/2021\/04\/IMG_6341.jpg\" data-link=\"https:\/\/pechdespossibles.fr\/?attachment_id=42\" class=\"wp-image-42\" srcset=\"https:\/\/pechdespossibles.fr\/wp-content\/uploads\/2021\/04\/IMG_6341-1024x683.jpg 1024w, https:\/\/pechdespossibles.fr\/wp-content\/uploads\/2021\/04\/IMG_6341-300x200.jpg 300w, https:\/\/pechdespossibles.fr\/wp-content\/uploads\/2021\/04\/IMG_6341-768x512.jpg 768w, https:\/\/pechdespossibles.fr\/wp-content\/uploads\/2021\/04\/IMG_6341-1536x1024.jpg 1536w, https:\/\/pechdespossibles.fr\/wp-content\/uploads\/2021\/04\/IMG_6341-600x400.jpg 600w, https:\/\/pechdespossibles.fr\/wp-content\/uploads\/2021\/04\/IMG_6341.jpg 1920w\" sizes=\"(max-width: 1024px) 100vw, 1024px\" \/><\/figure><\/li><\/ul><\/figure>\n","protected":false},"excerpt":{"rendered":"<p>3 parcelles sont concern\u00e9es : de 699 m2, 723m2 et 680m2 o\u00f9 sont construites des maisons d\u00e9di\u00e9es au logement social locatif habit\u00e9es depuis le 01 septembre 2021. Les locataires sont bien s\u00fbr impliqu\u00e9s, s&rsquo;ils le souhaitent, dans les projets communs du lotissement. La Mairie s\u00e9lectionne les candidats par rapport aux crit\u00e8res pos\u00e9s par le conseil municipal, puis celles des conditions [&hellip;]<\/p>\n","protected":false},"author":2,"featured_media":0,"parent":0,"menu_order":0,"comment_status":"closed","ping_status":"closed","template":"","meta":{"footnotes":""},"class_list":["post-72","page","type-page","status-publish","hentry"],"_links":{"self":[{"href":"https:\/\/pechdespossibles.fr\/index.php?rest_route=\/wp\/v2\/pages\/72","targetHints":{"allow":["GET"]}}],"collection":[{"href":"https:\/\/pechdespossibles.fr\/index.php?rest_route=\/wp\/v2\/pages"}],"about":[{"href":"https:\/\/pechdespossibles.fr\/index.php?rest_route=\/wp\/v2\/types\/page"}],"author":[{"embeddable":true,"href":"https:\/\/pechdespossibles.fr\/index.php?rest_route=\/wp\/v2\/users\/2"}],"replies":[{"embeddable":true,"href":"https:\/\/pechdespossibles.fr\/index.php?rest_route=%2Fwp%2Fv2%2Fcomments&post=72"}],"version-history":[{"count":8,"href":"https:\/\/pechdespossibles.fr\/index.php?rest_route=\/wp\/v2\/pages\/72\/revisions"}],"predecessor-version":[{"id":534,"href":"https:\/\/pechdespossibles.fr\/index.php?rest_route=\/wp\/v2\/pages\/72\/revisions\/534"}],"wp:attachment":[{"href":"https:\/\/pechdespossibles.fr\/index.php?rest_route=%2Fwp%2Fv2%2Fmedia&parent=72"}],"curies":[{"name":"wp","href":"https:\/\/api.w.org\/{rel}","templated":true}]}}