{"id":73,"date":"2021-04-28T16:22:06","date_gmt":"2021-04-28T14:22:06","guid":{"rendered":"https:\/\/pechdespossibles.fr\/?page_id=73"},"modified":"2021-06-04T19:32:30","modified_gmt":"2021-06-04T17:32:30","slug":"parcelle-3-valerie-et-adrien-gregoire","status":"publish","type":"page","link":"https:\/\/pechdespossibles.fr\/?page_id=73","title":{"rendered":"Parcelle # 3 : Val\u00e9rie et Adrien GREGOIRE"},"content":{"rendered":"\n<p class=\"has-small-font-size\"><\/p>\n\n\n\n<figure class=\"wp-block-gallery alignright columns-1 is-cropped wp-block-gallery-1 is-layout-flex wp-block-gallery-is-layout-flex\"><ul class=\"blocks-gallery-grid\"><li class=\"blocks-gallery-item\"><figure><img fetchpriority=\"high\" decoding=\"async\" width=\"1024\" height=\"683\" src=\"http:\/\/pechdespossibles.fr\/wp-content\/uploads\/2021\/06\/IMG_7016-1-1024x683.jpg\" alt=\"\" data-id=\"205\" data-full-url=\"http:\/\/pechdespossibles.fr\/wp-content\/uploads\/2021\/06\/IMG_7016-1-scaled-e1622553186902.jpg\" data-link=\"https:\/\/pechdespossibles.fr\/?attachment_id=205\" class=\"wp-image-205\"\/><\/figure><\/li><\/ul><\/figure>\n\n\n\n<p>Je me pr\u00e9sente : Adrien ! J\u2019ai grandi ici dans la Haute Vall\u00e9e de l\u2019Aude sur une ferme isol\u00e9e avec de l\u2019\u00e9levage. Val\u00e9rie a grandi en C\u00f4te d\u2019Ivoire et est venue pour ses \u00e9tudes en France et y est rest\u00e9e. Mathis, notre fils \u00e0\u00a010 ans. Nous sommes tous deux entrepreneurs\u00a0: Val\u00e9rie dans la boulangerie du village et moi comme apiculteur et agriculteur sur le village. <\/p>\n\n\n\n<p>Dans l\u2019id\u00e9al nous aimerions une maison fonctionnelle fra\u00eeche en \u00e9t\u00e9 et agr\u00e9able \u00e0 vivre. Le bois, la paille et la chaux sont des mat\u00e9riaux qui nous inspirent. Le projet propose plusieurs atouts : Le participatif permet en juste respect de notre volont\u00e9 de partager avec nos voisins tout en appr\u00e9ciant notre intimit\u00e9. Construire ensemble permet de mutualiser\u00a0les id\u00e9es,\u00a0les artisans, le n\u00e9goce de mat\u00e9riaux, l\u2019entraide &#8230;<\/p>\n\n\n\n<p>Enfin, le prix du foncier permet aux familles au revenu modeste d\u2019acc\u00e9der au foncier et construire dans l\u2019esprit de l\u2019Eco quartier. Vivre dans un quartier o\u00f9 il fait bon vivre tout en partageant avec le village offre de belle perspective d\u2019avenir.<\/p>\n","protected":false},"excerpt":{"rendered":"<p>Je me pr\u00e9sente : Adrien ! J\u2019ai grandi ici dans la Haute Vall\u00e9e de l\u2019Aude sur une ferme isol\u00e9e avec de l\u2019\u00e9levage. Val\u00e9rie a grandi en C\u00f4te d\u2019Ivoire et est venue pour ses \u00e9tudes en France et y est rest\u00e9e. Mathis, notre fils \u00e0\u00a010 ans. Nous sommes tous deux entrepreneurs\u00a0: Val\u00e9rie dans la boulangerie du village et moi comme apiculteur [&hellip;]<\/p>\n","protected":false},"author":2,"featured_media":0,"parent":0,"menu_order":0,"comment_status":"closed","ping_status":"closed","template":"","meta":{"footnotes":""},"class_list":["post-73","page","type-page","status-publish","hentry"],"_links":{"self":[{"href":"https:\/\/pechdespossibles.fr\/index.php?rest_route=\/wp\/v2\/pages\/73","targetHints":{"allow":["GET"]}}],"collection":[{"href":"https:\/\/pechdespossibles.fr\/index.php?rest_route=\/wp\/v2\/pages"}],"about":[{"href":"https:\/\/pechdespossibles.fr\/index.php?rest_route=\/wp\/v2\/types\/page"}],"author":[{"embeddable":true,"href":"https:\/\/pechdespossibles.fr\/index.php?rest_route=\/wp\/v2\/users\/2"}],"replies":[{"embeddable":true,"href":"https:\/\/pechdespossibles.fr\/index.php?rest_route=%2Fwp%2Fv2%2Fcomments&post=73"}],"version-history":[{"count":4,"href":"https:\/\/pechdespossibles.fr\/index.php?rest_route=\/wp\/v2\/pages\/73\/revisions"}],"predecessor-version":[{"id":266,"href":"https:\/\/pechdespossibles.fr\/index.php?rest_route=\/wp\/v2\/pages\/73\/revisions\/266"}],"wp:attachment":[{"href":"https:\/\/pechdespossibles.fr\/index.php?rest_route=%2Fwp%2Fv2%2Fmedia&parent=73"}],"curies":[{"name":"wp","href":"https:\/\/api.w.org\/{rel}","templated":true}]}}