{"id":75,"date":"2021-04-28T16:22:06","date_gmt":"2021-04-28T14:22:06","guid":{"rendered":"https:\/\/pechdespossibles.fr\/?page_id=75"},"modified":"2023-11-29T22:40:17","modified_gmt":"2023-11-29T21:40:17","slug":"parcelle-5-delphine-et-vincent-gallois","status":"publish","type":"page","link":"https:\/\/pechdespossibles.fr\/?page_id=75","title":{"rendered":"Parcelle # 5 &#8211; Delphine et Vincent GALLOIS"},"content":{"rendered":"\n<figure class=\"wp-block-gallery alignright has-nested-images columns-default is-cropped wp-block-gallery-1 is-layout-flex wp-block-gallery-is-layout-flex\"><\/figure>\n\n\n\n<p><strong>PROJET EN COURS DE CONSTRUCTION, EN VENTE, EN L&rsquo;ETAT A PARTIR DE DECEMBRE 2023<\/strong><\/p>\n\n\n\n<figure class=\"wp-block-gallery alignright has-nested-images columns-default is-cropped wp-block-gallery-2 is-layout-flex wp-block-gallery-is-layout-flex\">\n<figure class=\"wp-block-image size-large\"><img fetchpriority=\"high\" decoding=\"async\" width=\"1024\" height=\"769\" data-id=\"595\" src=\"https:\/\/pechdespossibles.fr\/wp-content\/uploads\/2023\/11\/1701291996215-1-1024x769.jpg\" alt=\"\" class=\"wp-image-595\" srcset=\"https:\/\/pechdespossibles.fr\/wp-content\/uploads\/2023\/11\/1701291996215-1-1024x769.jpg 1024w, https:\/\/pechdespossibles.fr\/wp-content\/uploads\/2023\/11\/1701291996215-1-300x225.jpg 300w, https:\/\/pechdespossibles.fr\/wp-content\/uploads\/2023\/11\/1701291996215-1-768x577.jpg 768w, https:\/\/pechdespossibles.fr\/wp-content\/uploads\/2023\/11\/1701291996215-1-1536x1153.jpg 1536w, https:\/\/pechdespossibles.fr\/wp-content\/uploads\/2023\/11\/1701291996215-1-2048x1538.jpg 2048w\" sizes=\"(max-width: 1024px) 100vw, 1024px\" \/><\/figure>\n<\/figure>\n\n\n\n<p>Projet de construction bas\u00e9 sur une auto construction avec l&rsquo;accompagnement d&rsquo;un artisan de l&rsquo;entreprise Clairbois. Maison destin\u00e9e \u00e0 \u00eatre bioclimatique, passive en ossature bois.<\/p>\n\n\n\n<p><em><strong>photo de la construction en l&rsquo;\u00e9tat datant de novembre 2023<\/strong><\/em><\/p>\n\n\n\n<p>Les d\u00e9tails technique de la construction et du projet final envisag\u00e9 (restant modulable) seront indiqu\u00e9s d&rsquo;ici quelques jours ; sur demande en attendant en \u00e9crivant \u00e0 delphinegallois77@gmail.com\/vincent.gallois5@hotmail.fr. <\/p>\n\n\n\n<p><\/p>\n\n\n\n<figure class=\"wp-block-gallery aligncenter has-nested-images columns-default is-cropped wp-block-gallery-3 is-layout-flex wp-block-gallery-is-layout-flex\">\n<figure class=\"wp-block-image size-large\"><img decoding=\"async\" width=\"1024\" height=\"678\" data-id=\"315\" src=\"https:\/\/pechdespossibles.fr\/wp-content\/uploads\/2021\/06\/Emplacement-photo-1024x678.jpg\" alt=\"\" class=\"wp-image-315\" srcset=\"https:\/\/pechdespossibles.fr\/wp-content\/uploads\/2021\/06\/Emplacement-photo-1024x678.jpg 1024w, https:\/\/pechdespossibles.fr\/wp-content\/uploads\/2021\/06\/Emplacement-photo-300x199.jpg 300w, https:\/\/pechdespossibles.fr\/wp-content\/uploads\/2021\/06\/Emplacement-photo-768x508.jpg 768w, https:\/\/pechdespossibles.fr\/wp-content\/uploads\/2021\/06\/Emplacement-photo-1536x1017.jpg 1536w, https:\/\/pechdespossibles.fr\/wp-content\/uploads\/2021\/06\/Emplacement-photo.jpg 2000w\" sizes=\"(max-width: 1024px) 100vw, 1024px\" \/><figcaption class=\"wp-element-caption\">EN CE MOMENT  VUE EST<\/figcaption><\/figure>\n\n\n\n<figure class=\"wp-block-image size-large\"><img decoding=\"async\" width=\"1024\" height=\"678\" data-id=\"314\" src=\"https:\/\/pechdespossibles.fr\/wp-content\/uploads\/2021\/06\/Insertion-paysagere-1-BR-1024x678.jpg\" alt=\"\" class=\"wp-image-314\" srcset=\"https:\/\/pechdespossibles.fr\/wp-content\/uploads\/2021\/06\/Insertion-paysagere-1-BR-1024x678.jpg 1024w, https:\/\/pechdespossibles.fr\/wp-content\/uploads\/2021\/06\/Insertion-paysagere-1-BR-300x199.jpg 300w, https:\/\/pechdespossibles.fr\/wp-content\/uploads\/2021\/06\/Insertion-paysagere-1-BR-768x508.jpg 768w, https:\/\/pechdespossibles.fr\/wp-content\/uploads\/2021\/06\/Insertion-paysagere-1-BR-1536x1017.jpg 1536w, https:\/\/pechdespossibles.fr\/wp-content\/uploads\/2021\/06\/Insertion-paysagere-1-BR.jpg 2000w\" sizes=\"(max-width: 1024px) 100vw, 1024px\" \/><figcaption class=\"wp-element-caption\">PROJET VUE EST<\/figcaption><\/figure>\n\n\n\n<figure class=\"wp-block-image size-large\"><img loading=\"lazy\" decoding=\"async\" width=\"1024\" height=\"573\" data-id=\"313\" src=\"https:\/\/pechdespossibles.fr\/wp-content\/uploads\/2021\/06\/Vue-Ouest-1024x573.jpg\" alt=\"\" class=\"wp-image-313\" srcset=\"https:\/\/pechdespossibles.fr\/wp-content\/uploads\/2021\/06\/Vue-Ouest-1024x573.jpg 1024w, https:\/\/pechdespossibles.fr\/wp-content\/uploads\/2021\/06\/Vue-Ouest-300x168.jpg 300w, https:\/\/pechdespossibles.fr\/wp-content\/uploads\/2021\/06\/Vue-Ouest-768x430.jpg 768w, https:\/\/pechdespossibles.fr\/wp-content\/uploads\/2021\/06\/Vue-Ouest-1536x860.jpg 1536w, https:\/\/pechdespossibles.fr\/wp-content\/uploads\/2021\/06\/Vue-Ouest.jpg 1676w\" sizes=\"(max-width: 1024px) 100vw, 1024px\" \/><figcaption class=\"wp-element-caption\">PROJET VUE OUEST<\/figcaption><\/figure>\n\n\n\n<figure class=\"wp-block-image size-large\"><img loading=\"lazy\" decoding=\"async\" width=\"1024\" height=\"573\" data-id=\"317\" src=\"https:\/\/pechdespossibles.fr\/wp-content\/uploads\/2021\/06\/Vue-densemble-1024x573.jpg\" alt=\"\" class=\"wp-image-317\" srcset=\"https:\/\/pechdespossibles.fr\/wp-content\/uploads\/2021\/06\/Vue-densemble-1024x573.jpg 1024w, https:\/\/pechdespossibles.fr\/wp-content\/uploads\/2021\/06\/Vue-densemble-300x168.jpg 300w, https:\/\/pechdespossibles.fr\/wp-content\/uploads\/2021\/06\/Vue-densemble-768x430.jpg 768w, https:\/\/pechdespossibles.fr\/wp-content\/uploads\/2021\/06\/Vue-densemble-1536x860.jpg 1536w, https:\/\/pechdespossibles.fr\/wp-content\/uploads\/2021\/06\/Vue-densemble.jpg 1676w\" sizes=\"(max-width: 1024px) 100vw, 1024px\" \/><figcaption class=\"wp-element-caption\">PROJET VUE D&rsquo;ENSEMBLE<\/figcaption><\/figure>\n<\/figure>\n\n\n\n<p><\/p>\n","protected":false},"excerpt":{"rendered":"<p>PROJET EN COURS DE CONSTRUCTION, EN VENTE, EN L&rsquo;ETAT A PARTIR DE DECEMBRE 2023 Projet de construction bas\u00e9 sur une auto construction avec l&rsquo;accompagnement d&rsquo;un artisan de l&rsquo;entreprise Clairbois. Maison destin\u00e9e \u00e0 \u00eatre bioclimatique, passive en ossature bois. photo de la construction en l&rsquo;\u00e9tat datant de novembre 2023 Les d\u00e9tails technique de la construction et du projet final envisag\u00e9 (restant [&hellip;]<\/p>\n","protected":false},"author":2,"featured_media":0,"parent":0,"menu_order":0,"comment_status":"closed","ping_status":"closed","template":"","meta":{"footnotes":""},"class_list":["post-75","page","type-page","status-publish","hentry"],"_links":{"self":[{"href":"https:\/\/pechdespossibles.fr\/index.php?rest_route=\/wp\/v2\/pages\/75","targetHints":{"allow":["GET"]}}],"collection":[{"href":"https:\/\/pechdespossibles.fr\/index.php?rest_route=\/wp\/v2\/pages"}],"about":[{"href":"https:\/\/pechdespossibles.fr\/index.php?rest_route=\/wp\/v2\/types\/page"}],"author":[{"embeddable":true,"href":"https:\/\/pechdespossibles.fr\/index.php?rest_route=\/wp\/v2\/users\/2"}],"replies":[{"embeddable":true,"href":"https:\/\/pechdespossibles.fr\/index.php?rest_route=%2Fwp%2Fv2%2Fcomments&post=75"}],"version-history":[{"count":7,"href":"https:\/\/pechdespossibles.fr\/index.php?rest_route=\/wp\/v2\/pages\/75\/revisions"}],"predecessor-version":[{"id":596,"href":"https:\/\/pechdespossibles.fr\/index.php?rest_route=\/wp\/v2\/pages\/75\/revisions\/596"}],"wp:attachment":[{"href":"https:\/\/pechdespossibles.fr\/index.php?rest_route=%2Fwp%2Fv2%2Fmedia&parent=75"}],"curies":[{"name":"wp","href":"https:\/\/api.w.org\/{rel}","templated":true}]}}