{"id":76,"date":"2021-04-28T16:22:06","date_gmt":"2021-04-28T14:22:06","guid":{"rendered":"https:\/\/pechdespossibles.fr\/?page_id=76"},"modified":"2021-06-28T13:14:16","modified_gmt":"2021-06-28T11:14:16","slug":"parcelle-6-thierry-gaudin","status":"publish","type":"page","link":"https:\/\/pechdespossibles.fr\/?page_id=76","title":{"rendered":"Parcelle # 6 &#8211; Thierry Gaudin"},"content":{"rendered":"\n<figure class=\"wp-block-gallery alignright columns-1 is-cropped wp-block-gallery-1 is-layout-flex wp-block-gallery-is-layout-flex\"><ul class=\"blocks-gallery-grid\"><li class=\"blocks-gallery-item\"><figure><img fetchpriority=\"high\" decoding=\"async\" width=\"1024\" height=\"683\" src=\"http:\/\/pechdespossibles.fr\/wp-content\/uploads\/2021\/06\/IMG_7403-1024x683.jpg\" alt=\"\" data-id=\"211\" data-full-url=\"http:\/\/pechdespossibles.fr\/wp-content\/uploads\/2021\/06\/IMG_7403-scaled.jpg\" data-link=\"https:\/\/pechdespossibles.fr\/?attachment_id=211\" class=\"wp-image-211\" srcset=\"https:\/\/pechdespossibles.fr\/wp-content\/uploads\/2021\/06\/IMG_7403-1024x683.jpg 1024w, https:\/\/pechdespossibles.fr\/wp-content\/uploads\/2021\/06\/IMG_7403-300x200.jpg 300w, https:\/\/pechdespossibles.fr\/wp-content\/uploads\/2021\/06\/IMG_7403-768x512.jpg 768w, https:\/\/pechdespossibles.fr\/wp-content\/uploads\/2021\/06\/IMG_7403-1536x1024.jpg 1536w, https:\/\/pechdespossibles.fr\/wp-content\/uploads\/2021\/06\/IMG_7403-2048x1365.jpg 2048w, https:\/\/pechdespossibles.fr\/wp-content\/uploads\/2021\/06\/IMG_7403-600x400.jpg 600w\" sizes=\"(max-width: 1024px) 100vw, 1024px\" \/><\/figure><\/li><\/ul><\/figure>\n\n\n\n<p>Je m&rsquo;appelle Thierry Gaudin, parisien d&rsquo;origines tourangelles, j&rsquo;ai migr\u00e9 dans le sud de la France depuis bient\u00f4t 40 ans et suis p\u00e8re de 3 grands enfants autonomes (27, 26 et 22 ans) vivants dans la r\u00e9gion.&nbsp;<\/p>\n\n\n\n<p>Tomb\u00e9 tout petit dans le chaudron de la r\u00e9novation-construction et un peu plus tard dans celui du commerce, j&rsquo;ai la chance d&rsquo;allier les deux dans mon m\u00e9tier : je m&rsquo;occupe d&rsquo;Ecomaison, n\u00e9goce de mat\u00e9riaux \u00e9cologiques \u00e0 Carcassonne et je m&rsquo;y \u00e9panoui toujours depuis bient\u00f4t 12 ans, dur\u00e9e exceptionnelle dans mon parcours professionnel.&nbsp;<\/p>\n\n\n\n<p>Apr\u00e8s 4 r\u00e9novations lourdes et compl\u00e8tes pour ma famille, arrive maintenant le temps de faire \u00e9merger de terre un lieu de vie pour mes prochaines ann\u00e9es, lieu de vie qui sera en accord avec ce que je suis devenu. \u00ab\u00a0Co\u00efncidence\u00a0\u00bb amusante, c&rsquo;est aussi dans ce village qu&rsquo;Anne et Jacques, les fondateurs d&rsquo;Ecomaison s&rsquo;\u00e9taient install\u00e9s il y a plus de 40 ans et construit leur maison bioclimatique en forme de soucoupe !\u00a0<\/p>\n\n\n\n<p>Depuis et gr\u00e2ce notamment \u00e0 son maire Jean-Claude Pons, Luc sur Aude est toujours un village pionnier : agriculture biologique, logements sociaux en mat\u00e9riaux bio-sourc\u00e9s, premier parc solaire citoyen de l&rsquo;Aude, cr\u00e9ation de notre \u00e9co-quartier avec un tarif du foncier sans sp\u00e9culation, etc, j&rsquo;en oublie surement !<\/p>\n\n\n\n<p>Du coup, quand j&rsquo;ai rencontr\u00e9 <a href=\"https:\/\/pechdespossibles.fr\/?page_id=71\" data-type=\"URL\" data-id=\"https:\/\/pechdespossibles.fr\/?page_id=71\">Joseph et Lorna<\/a> venus au magasin\u00a0discuter fourniture de mat\u00e9riaux\u00a0pour leur future maison puis les autres magnifiques personnes de cette aventure lors de plusieurs rencontres, ma d\u00e9cision a \u00e9t\u00e9 tr\u00e8s rapide : banco, j&rsquo;y vais !\u00a0<\/p>\n\n\n\n<p>Respect de l&rsquo;autre et de notre plan\u00e8te, mutualisation et commun sans \u00eatre dans une communaut\u00e9 \u00ab\u00a0sectaire\u00a0\u00bb, des jeunes et des moins jeunes venants d&rsquo;horizons tr\u00e8s divers, du partage, des \u00e9changes et tout cela avec bienveillance, envie et bonne humeur : c&rsquo;est bien ainsi que je con\u00e7ois la vie.<\/p>\n\n\n\n<p>Au plaisir de vous rencontrer au Pech des Possibles !<\/p>\n","protected":false},"excerpt":{"rendered":"<p>Je m&rsquo;appelle Thierry Gaudin, parisien d&rsquo;origines tourangelles, j&rsquo;ai migr\u00e9 dans le sud de la France depuis bient\u00f4t 40 ans et suis p\u00e8re de 3 grands enfants autonomes (27, 26 et 22 ans) vivants dans la r\u00e9gion.&nbsp; Tomb\u00e9 tout petit dans le chaudron de la r\u00e9novation-construction et un peu plus tard dans celui du commerce, j&rsquo;ai la chance d&rsquo;allier les deux [&hellip;]<\/p>\n","protected":false},"author":2,"featured_media":0,"parent":0,"menu_order":0,"comment_status":"closed","ping_status":"closed","template":"","meta":{"footnotes":""},"class_list":["post-76","page","type-page","status-publish","hentry"],"_links":{"self":[{"href":"https:\/\/pechdespossibles.fr\/index.php?rest_route=\/wp\/v2\/pages\/76","targetHints":{"allow":["GET"]}}],"collection":[{"href":"https:\/\/pechdespossibles.fr\/index.php?rest_route=\/wp\/v2\/pages"}],"about":[{"href":"https:\/\/pechdespossibles.fr\/index.php?rest_route=\/wp\/v2\/types\/page"}],"author":[{"embeddable":true,"href":"https:\/\/pechdespossibles.fr\/index.php?rest_route=\/wp\/v2\/users\/2"}],"replies":[{"embeddable":true,"href":"https:\/\/pechdespossibles.fr\/index.php?rest_route=%2Fwp%2Fv2%2Fcomments&post=76"}],"version-history":[{"count":5,"href":"https:\/\/pechdespossibles.fr\/index.php?rest_route=\/wp\/v2\/pages\/76\/revisions"}],"predecessor-version":[{"id":497,"href":"https:\/\/pechdespossibles.fr\/index.php?rest_route=\/wp\/v2\/pages\/76\/revisions\/497"}],"wp:attachment":[{"href":"https:\/\/pechdespossibles.fr\/index.php?rest_route=%2Fwp%2Fv2%2Fmedia&parent=76"}],"curies":[{"name":"wp","href":"https:\/\/api.w.org\/{rel}","templated":true}]}}