{"id":77,"date":"2021-04-28T16:22:06","date_gmt":"2021-04-28T14:22:06","guid":{"rendered":"https:\/\/pechdespossibles.fr\/?page_id=77"},"modified":"2021-06-04T19:45:31","modified_gmt":"2021-06-04T17:45:31","slug":"parcelle-11-louise-et-hedy-dargere","status":"publish","type":"page","link":"https:\/\/pechdespossibles.fr\/?page_id=77","title":{"rendered":"Parcelle # 11 &#8211; Hedy DARGERE"},"content":{"rendered":"\n<figure class=\"wp-block-gallery alignright columns-1 is-cropped wp-block-gallery-1 is-layout-flex wp-block-gallery-is-layout-flex\"><ul class=\"blocks-gallery-grid\"><li class=\"blocks-gallery-item\"><figure><img fetchpriority=\"high\" decoding=\"async\" width=\"1024\" height=\"683\" src=\"http:\/\/pechdespossibles.fr\/wp-content\/uploads\/2021\/06\/IMG_7404-1024x683.jpg\" alt=\"Hedy DARGERE\" data-id=\"210\" data-full-url=\"http:\/\/pechdespossibles.fr\/wp-content\/uploads\/2021\/06\/IMG_7404-scaled.jpg\" data-link=\"https:\/\/pechdespossibles.fr\/?attachment_id=210\" class=\"wp-image-210\" srcset=\"https:\/\/pechdespossibles.fr\/wp-content\/uploads\/2021\/06\/IMG_7404-1024x683.jpg 1024w, https:\/\/pechdespossibles.fr\/wp-content\/uploads\/2021\/06\/IMG_7404-300x200.jpg 300w, https:\/\/pechdespossibles.fr\/wp-content\/uploads\/2021\/06\/IMG_7404-768x512.jpg 768w, https:\/\/pechdespossibles.fr\/wp-content\/uploads\/2021\/06\/IMG_7404-1536x1024.jpg 1536w, https:\/\/pechdespossibles.fr\/wp-content\/uploads\/2021\/06\/IMG_7404-2048x1365.jpg 2048w, https:\/\/pechdespossibles.fr\/wp-content\/uploads\/2021\/06\/IMG_7404-600x400.jpg 600w\" sizes=\"(max-width: 1024px) 100vw, 1024px\" \/><\/figure><\/li><\/ul><\/figure>\n\n\n\n<p>Install\u00e9 dans la r\u00e9gion depuis 2006, je g\u00e8re depuis 15 ans une entreprise de cr\u00e9ation de sites internet.<br>En 2004\/2005, j&rsquo;ai particip\u00e9 \u00e0 plusieurs chantiers participatifs autour de la construction paille et terre et ce mode de construction m&rsquo;avait \u00e0 l&rsquo;\u00e9poque grandement parl\u00e9. Je dois avouer que j&rsquo;ai toujours \u00e9t\u00e9 int\u00e9ress\u00e9 par le faire ensemble.<br>Depuis 2014, je suis impliqu\u00e9 dans ma commune en tant qu&rsquo;adjoint au maire.<br>Lorsque l&rsquo;opportunit\u00e9 nous avait \u00e9t\u00e9 offerte de mener \u00e0 bien ce projet d&rsquo;\u00e9co-quartier au niveau de la commune, j&rsquo;ai tout d&rsquo;abord \u00e9t\u00e9 frustr\u00e9 de ne pas \u00eatre en mesure de participer comme candidat \u00e0 la co-conception de ce lotissement.<br>Depuis les choses ont \u00e9volu\u00e9 et le fait que mes parents souhaitent faire construire au sein de ce projet a rebattu les cartes.<br>Pour l&rsquo;instant, ma compagne n&rsquo;a pas envie de se lancer dans un projet de construction, d&rsquo;autant plus que nous allons d\u00e9m\u00e9nager dans une autre maison de l&rsquo;ancien bourg de Luc-sur-Aude dans les prochains mois.<br>C&rsquo;est donc pour le moment en solo que je porte le projet \u00e0 moyen terme (4\/5 ans) d&rsquo;une petite construction en bois et\/ou en terre\/paille, probablement dans un premier temps pour la louer.<br>Ce qui me pla\u00eet particuli\u00e8rement dans ce projet, c&rsquo;est l&rsquo;alchimie du groupe, la fa\u00e7on de concevoir ensemble notre espace de vie et de mutualiser nos exp\u00e9riences.<br>Enfin, je m&rsquo;int\u00e9resse particuli\u00e8rement \u00e0 l&rsquo;intelligence collective et aux moyens de faire \u00e9merger plus efficacement le fruit de nos rencontres et projets communs.<\/p>\n","protected":false},"excerpt":{"rendered":"<p>Install\u00e9 dans la r\u00e9gion depuis 2006, je g\u00e8re depuis 15 ans une entreprise de cr\u00e9ation de sites internet.En 2004\/2005, j&rsquo;ai particip\u00e9 \u00e0 plusieurs chantiers participatifs autour de la construction paille et terre et ce mode de construction m&rsquo;avait \u00e0 l&rsquo;\u00e9poque grandement parl\u00e9. Je dois avouer que j&rsquo;ai toujours \u00e9t\u00e9 int\u00e9ress\u00e9 par le faire ensemble.Depuis 2014, je suis impliqu\u00e9 dans ma [&hellip;]<\/p>\n","protected":false},"author":2,"featured_media":0,"parent":0,"menu_order":0,"comment_status":"closed","ping_status":"closed","template":"","meta":{"footnotes":""},"class_list":["post-77","page","type-page","status-publish","hentry"],"_links":{"self":[{"href":"https:\/\/pechdespossibles.fr\/index.php?rest_route=\/wp\/v2\/pages\/77","targetHints":{"allow":["GET"]}}],"collection":[{"href":"https:\/\/pechdespossibles.fr\/index.php?rest_route=\/wp\/v2\/pages"}],"about":[{"href":"https:\/\/pechdespossibles.fr\/index.php?rest_route=\/wp\/v2\/types\/page"}],"author":[{"embeddable":true,"href":"https:\/\/pechdespossibles.fr\/index.php?rest_route=\/wp\/v2\/users\/2"}],"replies":[{"embeddable":true,"href":"https:\/\/pechdespossibles.fr\/index.php?rest_route=%2Fwp%2Fv2%2Fcomments&post=77"}],"version-history":[{"count":4,"href":"https:\/\/pechdespossibles.fr\/index.php?rest_route=\/wp\/v2\/pages\/77\/revisions"}],"predecessor-version":[{"id":269,"href":"https:\/\/pechdespossibles.fr\/index.php?rest_route=\/wp\/v2\/pages\/77\/revisions\/269"}],"wp:attachment":[{"href":"https:\/\/pechdespossibles.fr\/index.php?rest_route=%2Fwp%2Fv2%2Fmedia&parent=77"}],"curies":[{"name":"wp","href":"https:\/\/api.w.org\/{rel}","templated":true}]}}